{"id":30,"date":"2025-05-06T11:40:00","date_gmt":"2025-05-06T11:40:00","guid":{"rendered":"https:\/\/dominioprueba.argenvolt.com.ar\/?page_id=30"},"modified":"2025-10-16T20:58:02","modified_gmt":"2025-10-16T20:58:02","slug":"ubicacion","status":"publish","type":"page","link":"https:\/\/dominioprueba.argenvolt.com.ar\/en\/ubicacion\/","title":{"rendered":"Location"},"content":{"rendered":"<div data-elementor-type=\"wp-page\" data-elementor-id=\"30\" class=\"elementor elementor-30\" data-elementor-post-type=\"page\">\n\t\t\t\t<div class=\"elementor-element elementor-element-a466fb7 e-flex e-con-boxed wpr-particle-no wpr-jarallax-no wpr-parallax-no wpr-sticky-section-no wpr-column-slider-no wpr-equal-height-no e-con e-parent\" data-id=\"a466fb7\" data-element_type=\"container\" data-e-type=\"container\" data-settings=\"{&quot;background_background&quot;:&quot;classic&quot;}\">\n\t\t\t\t\t<div class=\"e-con-inner\">\n\t\t\t\t<div class=\"elementor-element elementor-element-b6f7119 elementor-widget elementor-widget-heading\" data-id=\"b6f7119\" data-element_type=\"widget\" data-e-type=\"widget\" data-widget_type=\"heading.default\">\n\t\t\t\t<div class=\"elementor-widget-container\">\n\t\t\t\t\t<h2 class=\"elementor-heading-title elementor-size-default\">Discover Venao Beach\n<\/h2>\t\t\t\t<\/div>\n\t\t\t\t<\/div>\n\t\t\t\t<div class=\"elementor-element elementor-element-d547f58 elementor-widget elementor-widget-text-editor\" data-id=\"d547f58\" data-element_type=\"widget\" data-e-type=\"widget\" data-widget_type=\"text-editor.default\">\n\t\t\t\t<div class=\"elementor-widget-container\">\n\t\t\t\t\t\t\t\t\t<div class=\"relative z-10 container\"><div class=\"w-full max-w-lg\"><div class=\"relative z-10 container\"><div class=\"w-full max-w-lg\"><p class=\"text-text-alternative md:text-md\"><span style=\"font-weight: 400;\">Venao Beach vibrates between serenity and adventure. <br \/>Perfect waves, jungle scenery and a vibrant community turn this <br \/>Pacific retreat into a unique destination to connect with nature and enjoy authentic experiences.<\/span><\/p><\/div><\/div><\/div><\/div>\t\t\t\t\t\t\t\t<\/div>\n\t\t\t\t<\/div>\n\t\t\t\t\t<\/div>\n\t\t\t\t<\/div>\n\t\t<div class=\"elementor-element elementor-element-a610daa e-flex e-con-boxed wpr-particle-no wpr-jarallax-no wpr-parallax-no wpr-sticky-section-no wpr-column-slider-no wpr-equal-height-no e-con e-parent\" data-id=\"a610daa\" data-element_type=\"container\" data-e-type=\"container\">\n\t\t\t\t\t<div class=\"e-con-inner\">\n\t\t<div class=\"elementor-element elementor-element-d634f37 e-con-full e-flex wpr-particle-no wpr-jarallax-no wpr-parallax-no wpr-sticky-section-no wpr-column-slider-no wpr-equal-height-no e-con e-child\" data-id=\"d634f37\" data-element_type=\"container\" data-e-type=\"container\">\n\t\t\t\t<div class=\"elementor-element elementor-element-8ee865f elementor-widget elementor-widget-heading\" data-id=\"8ee865f\" data-element_type=\"widget\" data-e-type=\"widget\" data-widget_type=\"heading.default\">\n\t\t\t\t<div class=\"elementor-widget-container\">\n\t\t\t\t\t<h2 class=\"elementor-heading-title elementor-size-default\">Where the ocean and adventure unite.\n<\/h2>\t\t\t\t<\/div>\n\t\t\t\t<\/div>\n\t\t\t\t<\/div>\n\t\t<div class=\"elementor-element elementor-element-785eda4 e-con-full e-flex wpr-particle-no wpr-jarallax-no wpr-parallax-no wpr-sticky-section-no wpr-column-slider-no wpr-equal-height-no e-con e-child\" data-id=\"785eda4\" data-element_type=\"container\" data-e-type=\"container\">\n\t\t\t\t<div class=\"elementor-element elementor-element-51a2b54 elementor-widget elementor-widget-text-editor\" data-id=\"51a2b54\" data-element_type=\"widget\" data-e-type=\"widget\" data-widget_type=\"text-editor.default\">\n\t\t\t\t<div class=\"elementor-widget-container\">\n\t\t\t\t\t\t\t\t\t<div class=\"mb-12 grid grid-cols-1 items-start justify-between gap-x-12 gap-y-5 md:mb-18 md:grid-cols-2 md:gap-x-12 md:gap-y-8 lg:mb-20 lg:gap-x-20\"><div><p class=\"mb-6 md:mb-8 md:text-md\">Villa Marina Lodge &amp; Condos is located in a privileged corner on the Pacific coast of Panama, offering direct access to Venao Beach and its impressive natural scenery. Enjoy a peaceful environment, surrounded by a tropical jungle and a vibrant gastronomic and cultural scene just minutes away<\/p><\/div><\/div>\t\t\t\t\t\t\t\t<\/div>\n\t\t\t\t<\/div>\n\t\t\t\t<\/div>\n\t\t\t\t\t<\/div>\n\t\t\t\t<\/div>\n\t\t<div class=\"elementor-element elementor-element-bc0fc52 e-flex e-con-boxed wpr-particle-no wpr-jarallax-no wpr-parallax-no wpr-sticky-section-no wpr-column-slider-no wpr-equal-height-no e-con e-parent\" data-id=\"bc0fc52\" data-element_type=\"container\" data-e-type=\"container\">\n\t\t\t\t\t<div class=\"e-con-inner\">\n\t\t\t\t<div class=\"elementor-element elementor-element-62546b4 elementor-widget elementor-widget-image\" data-id=\"62546b4\" data-element_type=\"widget\" data-e-type=\"widget\" data-widget_type=\"image.default\">\n\t\t\t\t<div class=\"elementor-widget-container\">\n\t\t\t\t\t\t\t\t\t\t\t\t\t\t\t<img fetchpriority=\"high\" decoding=\"async\" width=\"750\" height=\"500\" src=\"https:\/\/dominioprueba.argenvolt.com.ar\/wp-content\/uploads\/2025\/05\/pedasi-aire.jpg\" class=\"attachment-full size-full wp-image-56\" alt=\"\" srcset=\"https:\/\/dominioprueba.argenvolt.com.ar\/wp-content\/uploads\/2025\/05\/pedasi-aire.jpg 750w, https:\/\/dominioprueba.argenvolt.com.ar\/wp-content\/uploads\/2025\/05\/pedasi-aire-300x200.jpg 300w\" sizes=\"(max-width: 750px) 100vw, 750px\" \/>\t\t\t\t\t\t\t\t\t\t\t\t\t\t\t<\/div>\n\t\t\t\t<\/div>\n\t\t\t\t\t<\/div>\n\t\t\t\t<\/div>\n\t\t<div class=\"elementor-element elementor-element-88961d4 e-flex e-con-boxed wpr-particle-no wpr-jarallax-no wpr-parallax-no wpr-sticky-section-no wpr-column-slider-no wpr-equal-height-no e-con e-parent\" data-id=\"88961d4\" data-element_type=\"container\" data-e-type=\"container\">\n\t\t\t\t\t<div class=\"e-con-inner\">\n\t\t<div class=\"elementor-element elementor-element-eaceb67 e-con-full e-flex wpr-particle-no wpr-jarallax-no wpr-parallax-no wpr-sticky-section-no wpr-column-slider-no wpr-equal-height-no e-con e-child\" data-id=\"eaceb67\" data-element_type=\"container\" data-e-type=\"container\">\n\t\t\t\t<div class=\"elementor-element elementor-element-a6efb1e elementor-widget elementor-widget-heading\" data-id=\"a6efb1e\" data-element_type=\"widget\" data-e-type=\"widget\" data-widget_type=\"heading.default\">\n\t\t\t\t<div class=\"elementor-widget-container\">\n\t\t\t\t\t<h2 class=\"elementor-heading-title elementor-size-default\">How to get to Villa Marina<\/h2>\t\t\t\t<\/div>\n\t\t\t\t<\/div>\n\t\t\t\t<div class=\"elementor-element elementor-element-d985558 elementor-widget elementor-widget-text-editor\" data-id=\"d985558\" data-element_type=\"widget\" data-e-type=\"widget\" data-widget_type=\"text-editor.default\">\n\t\t\t\t<div class=\"elementor-widget-container\">\n\t\t\t\t\t\t\t\t\t<p class=\"md:text-md\"><span style=\"font-weight: 400;\">Getting to Villa Marina is part of the experience. We\u2019re located at Venao Beach, Pedas\u00ed, on the Panamanian Pacific coast. You can visit us by driving from Panama City (approx. 5 hrs.) or fly to Pedas\u00ed and continue a short way on land. We\u2019re ready to welcome you.<\/span><\/p><p><strong>Here, the trip is just as special as the destination.<\/strong><\/p>\t\t\t\t\t\t\t\t<\/div>\n\t\t\t\t<\/div>\n\t\t<div class=\"elementor-element elementor-element-03a770f e-con-full e-flex wpr-particle-no wpr-jarallax-no wpr-parallax-no wpr-sticky-section-no wpr-column-slider-no wpr-equal-height-no e-con e-child\" data-id=\"03a770f\" data-element_type=\"container\" data-e-type=\"container\">\n\t\t\t\t<div class=\"elementor-element elementor-element-640b4a1 elementor-widget elementor-widget-button\" data-id=\"640b4a1\" data-element_type=\"widget\" data-e-type=\"widget\" data-widget_type=\"button.default\">\n\t\t\t\t<div class=\"elementor-widget-container\">\n\t\t\t\t\t\t\t\t\t<div class=\"elementor-button-wrapper\">\n\t\t\t\t\t<a class=\"elementor-button elementor-button-link elementor-size-sm\" href=\"https:\/\/hotels.cloudbeds.com\/reservation\/91uWth\" target=\"_blank\">\n\t\t\t\t\t\t<span class=\"elementor-button-content-wrapper\">\n\t\t\t\t\t\t\t\t\t<span class=\"elementor-button-text\">Reserve Now<\/span>\n\t\t\t\t\t<\/span>\n\t\t\t\t\t<\/a>\n\t\t\t\t<\/div>\n\t\t\t\t\t\t\t\t<\/div>\n\t\t\t\t<\/div>\n\t\t\t\t<\/div>\n\t\t\t\t<\/div>\n\t\t<div class=\"elementor-element elementor-element-078d79f e-con-full e-flex wpr-particle-no wpr-jarallax-no wpr-parallax-no wpr-sticky-section-no wpr-column-slider-no wpr-equal-height-no e-con e-child\" data-id=\"078d79f\" data-element_type=\"container\" data-e-type=\"container\">\n\t\t\t\t<div class=\"elementor-element elementor-element-e6f2c0a elementor-widget elementor-widget-google_maps\" data-id=\"e6f2c0a\" data-element_type=\"widget\" data-e-type=\"widget\" data-widget_type=\"google_maps.default\">\n\t\t\t\t<div class=\"elementor-widget-container\">\n\t\t\t\t\t\t\t<div class=\"elementor-custom-embed\">\n\t\t\t<iframe loading=\"lazy\"\n\t\t\t\t\tsrc=\"https:\/\/maps.google.com\/maps?q=Playa%20venao%2C%20Playa%20Venao%20Pedas%C3%AD%2C%20V%C3%ADa%20hacia%20Hostal%20Villa%20Marina%2C%20Panam%C3%A1&#038;t=m&#038;z=14&#038;output=embed&#038;iwloc=near\"\n\t\t\t\t\ttitle=\"Playa venao, Playa Venao Pedas\u00ed, V\u00eda hacia Hostal Villa Marina, Panam\u00e1\"\n\t\t\t\t\taria-label=\"Playa venao, Playa Venao Pedas\u00ed, V\u00eda hacia Hostal Villa Marina, Panam\u00e1\"\n\t\t\t><\/iframe>\n\t\t<\/div>\n\t\t\t\t\t\t<\/div>\n\t\t\t\t<\/div>\n\t\t\t\t<\/div>\n\t\t\t\t\t<\/div>\n\t\t\t\t<\/div>\n\t\t<div class=\"elementor-element elementor-element-0937a9f e-con-full e-flex wpr-particle-no wpr-jarallax-no wpr-parallax-no wpr-sticky-section-no wpr-column-slider-no wpr-equal-height-no e-con e-parent\" data-id=\"0937a9f\" data-element_type=\"container\" data-e-type=\"container\" data-settings=\"{&quot;background_background&quot;:&quot;classic&quot;}\">\n\t\t<div class=\"elementor-element elementor-element-bf472f8 e-con-full e-flex wpr-particle-no wpr-jarallax-no wpr-parallax-no wpr-sticky-section-no wpr-column-slider-no wpr-equal-height-no e-con e-child\" data-id=\"bf472f8\" data-element_type=\"container\" data-e-type=\"container\">\n\t\t\t\t<div class=\"elementor-element elementor-element-58b7abd elementor-widget elementor-widget-heading\" data-id=\"58b7abd\" data-element_type=\"widget\" data-e-type=\"widget\" data-widget_type=\"heading.default\">\n\t\t\t\t<div class=\"elementor-widget-container\">\n\t\t\t\t\t<h2 class=\"elementor-heading-title elementor-size-default\">Reserve your stay now!<\/h2>\t\t\t\t<\/div>\n\t\t\t\t<\/div>\n\t\t\t\t<div class=\"elementor-element elementor-element-db31aa7 elementor-widget elementor-widget-text-editor\" data-id=\"db31aa7\" data-element_type=\"widget\" data-e-type=\"widget\" data-widget_type=\"text-editor.default\">\n\t\t\t\t<div class=\"elementor-widget-container\">\n\t\t\t\t\t\t\t\t\t<div class=\"md:mr-12 lg:mr-0\"><div class=\"w-full max-w-lg\"><p class=\"text-text-alternative md:text-md\">Experience commodity and convenience at our hotel. Contact us for more details or to make reservations.<\/p><\/div><\/div>\t\t\t\t\t\t\t\t<\/div>\n\t\t\t\t<\/div>\n\t\t\t\t<div class=\"elementor-element elementor-element-899be41 elementor-widget elementor-widget-button\" data-id=\"899be41\" data-element_type=\"widget\" data-e-type=\"widget\" data-widget_type=\"button.default\">\n\t\t\t\t<div class=\"elementor-widget-container\">\n\t\t\t\t\t\t\t\t\t<div class=\"elementor-button-wrapper\">\n\t\t\t\t\t<a class=\"elementor-button elementor-button-link elementor-size-sm\" href=\"https:\/\/hotels.cloudbeds.com\/reservation\/91uWth\" target=\"_blank\">\n\t\t\t\t\t\t<span class=\"elementor-button-content-wrapper\">\n\t\t\t\t\t\t\t\t\t<span class=\"elementor-button-text\">Reserve Now<\/span>\n\t\t\t\t\t<\/span>\n\t\t\t\t\t<\/a>\n\t\t\t\t<\/div>\n\t\t\t\t\t\t\t\t<\/div>\n\t\t\t\t<\/div>\n\t\t\t\t<\/div>\n\t\t<div class=\"elementor-element elementor-element-8875ca1 e-con-full e-flex wpr-particle-no wpr-jarallax-no wpr-parallax-no wpr-sticky-section-no wpr-column-slider-no wpr-equal-height-no e-con e-child\" data-id=\"8875ca1\" data-element_type=\"container\" data-e-type=\"container\">\n\t\t\t\t<\/div>\n\t\t\t\t<\/div>\n\t\t\t\t<\/div>","protected":false},"excerpt":{"rendered":"<p>Descubre Playa Venao Playa Venao vibra entre la serenidad y la aventura. Olas perfectas, paisajes de selva y una comunidad vibrante convierten este rinc\u00f3n del Pac\u00edfico en un destino \u00fanico para conectar con la naturaleza y disfrutar experiencias aut\u00e9nticas. Donde el oc\u00e9ano y la aventura se unen. Villa Marina Lodge &amp; Condos est\u00e1 ubicado en un rinc\u00f3n privilegiado de la costa pac\u00edfica de Panam\u00e1, ofreciendo acceso directo a Playa Venao y sus impresionantes paisajes naturales. Disfruta de un entorno tranquilo, rodeado de selva tropical y con una vibrante escena gastron\u00f3mica y cultural a solo minutos de distancia. C\u00f3mo llegar a Villa Marina Llegar a Villa Marina es parte de la experiencia. Nos encontramos en Playa Venao, Pedas\u00ed, en la costa pac\u00edfica paname\u00f1a. Puedes visitarnos por carretera desde Ciudad de Panam\u00e1 (5h aprox.) o volar hasta Pedas\u00ed y continuar un corto trayecto terrestre. Estamos listos para recibirte. Aqu\u00ed, el viaje es tan especial como el destino. Reservar Ahora \u00a1Reserva tu estancia hoy! Experimente comodidad y conveniencia en nuestro hotel. Cont\u00e1ctenos para m\u00e1s detalles o para reservar. Reservar Ahora<\/p>","protected":false},"author":1,"featured_media":0,"parent":0,"menu_order":0,"comment_status":"closed","ping_status":"closed","template":"elementor_header_footer","meta":{"footnotes":""},"class_list":["post-30","page","type-page","status-publish","hentry"],"_hostinger_reach_plugin_has_subscription_block":false,"_hostinger_reach_plugin_is_elementor":false,"_links":{"self":[{"href":"https:\/\/dominioprueba.argenvolt.com.ar\/en\/wp-json\/wp\/v2\/pages\/30","targetHints":{"allow":["GET"]}}],"collection":[{"href":"https:\/\/dominioprueba.argenvolt.com.ar\/en\/wp-json\/wp\/v2\/pages"}],"about":[{"href":"https:\/\/dominioprueba.argenvolt.com.ar\/en\/wp-json\/wp\/v2\/types\/page"}],"author":[{"embeddable":true,"href":"https:\/\/dominioprueba.argenvolt.com.ar\/en\/wp-json\/wp\/v2\/users\/1"}],"replies":[{"embeddable":true,"href":"https:\/\/dominioprueba.argenvolt.com.ar\/en\/wp-json\/wp\/v2\/comments?post=30"}],"version-history":[{"count":28,"href":"https:\/\/dominioprueba.argenvolt.com.ar\/en\/wp-json\/wp\/v2\/pages\/30\/revisions"}],"predecessor-version":[{"id":1187,"href":"https:\/\/dominioprueba.argenvolt.com.ar\/en\/wp-json\/wp\/v2\/pages\/30\/revisions\/1187"}],"wp:attachment":[{"href":"https:\/\/dominioprueba.argenvolt.com.ar\/en\/wp-json\/wp\/v2\/media?parent=30"}],"curies":[{"name":"wp","href":"https:\/\/api.w.org\/{rel}","templated":true}]}}